{"id":187,"date":"2015-08-24T16:29:54","date_gmt":"2015-08-24T16:29:54","guid":{"rendered":"http:\/\/www.autopintura.com.br\/site\/?page_id=187"},"modified":"2016-05-26T16:39:01","modified_gmt":"2016-05-26T16:39:01","slug":"repintura-e-funilaria","status":"publish","type":"page","link":"https:\/\/www.autopintura.com.br\/site\/repintura-e-funilaria\/","title":{"rendered":"Repintura e Funilaria"},"content":{"rendered":"<h2><img loading=\"lazy\" decoding=\"async\" class=\" size-full wp-image-194 aligncenter\" src=\"https:\/\/www.autopintura.com.br\/site\/wp-content\/uploads\/2015\/08\/repintura.jpg\" alt=\"repintura\" width=\"683\" height=\"256\" srcset=\"https:\/\/www.autopintura.com.br\/site\/wp-content\/uploads\/2015\/08\/repintura.jpg 683w, https:\/\/www.autopintura.com.br\/site\/wp-content\/uploads\/2015\/08\/repintura-300x112.jpg 300w\" sizes=\"auto, (max-width: 683px) 100vw, 683px\" \/><\/h2>\n<h2>Repintura<\/h2>\n<p>O Trabalho de <strong>Pintura<\/strong>\u00a0come\u00e7a com uma boa F<strong>unilaria<\/strong> e prepara\u00e7\u00e3o da chapa, mesmo um pequeno A<strong>rranh\u00e3o<\/strong> exige cuidados que v\u00e3o desde o lixamento com v\u00e1rias lixas diferentes at\u00e9 o preenchimento e nivelamento com primer<\/p>\n<p>Estando a prepara\u00e7\u00e3o conclu\u00edda passamos a etapa de <a href=\"https:\/\/www.facebook.com\/repinturautomotiva\/photos\/pcb.233244940182938\/233244843516281\/?type=3&amp;theater\">colorimetria<\/a>, ou seja, a descoberta e prepara\u00e7\u00e3o da cor exata que pode ser feita com o c\u00f3digo do fabricante ou atrav\u00e9s de cat\u00e1logo espec\u00edfico, achando o c\u00f3digo basta digitar no sistema do fabricante de tintas que ele informa uma \u201creceita\u201d com a quantidade de cada pigmento para fazer aquela tinta e suas varia\u00e7\u00f5es, sim varia\u00e7\u00f5es porque dificilmente a tinta nova \u201cbate\u201d certinho com a do carro que j\u00e1 pegou sol, chuva etc.<br \/>\nEnt\u00e3o antes do Retoque de Pintura, fazemos uma simula\u00e7\u00e3o com a pintura de uma chapa de metal preparada para verificar se a tonalidade est\u00e1 perfeita para a\u00ed sim pintar a pe\u00e7a danificada.<\/p>\n<p>Em nosso caso utilizamos a linha Envirobase da PPG que \u00e9 base \u00e1gua, o que existe de mais moderno no mundo, sendo que reproduz a cor com maior fidelidade e menor tempo de secagem, al\u00e9m de preservar o meio ambiente.<\/p>\n<p>Para um servi\u00e7o com maior qualidade, realizamos a Repintura automotiva em uma cabine descontaminada, em ambiente controlado e com pistolas de pintura com boa regulagem de leque e vaz\u00e3o de tinta e ainda um excelente filtro de ar da Espanhola Sagola, que faz a diferen\u00e7a no resultado final do servi\u00e7o. O mascaramento do restante do ve\u00edculo reduz o tempo no polimento final e evita aquelas indesej\u00e1veis n\u00e9voas de verniz.<\/p>\n<p>E por falar em verniz, utilizamos o DC 2000 tamb\u00e9m da PPG que seca ao toque em apenas 30 minutos o que permite entregar o carro com bastante rapidez al\u00e9m daquele brilho intenso e prote\u00e7\u00e3o sem igual.<\/p>\n<p>Mas nada disso faria a diferen\u00e7a sem o treinamento de nossos funcion\u00e1rios na f\u00e1brica da PPG em SP para extrair ao m\u00e1ximo o que de melhor essa tecnologia pode oferecer a nossos clientes.<\/p>\n<p>Somos especialistas em Retoques R\u00e1pidos de Pintura Automotiva<\/p>\n","protected":false},"excerpt":{"rendered":"<p>Repintura O Trabalho de Pintura\u00a0come\u00e7a com uma boa Funilaria e prepara\u00e7\u00e3o da chapa, mesmo um pequeno Arranh\u00e3o exige cuidados que v\u00e3o desde o lixamento com v\u00e1rias lixas diferentes at\u00e9 o preenchimento e nivelamento com primer Estando a prepara\u00e7\u00e3o conclu\u00edda passamos a etapa de colorimetria, ou seja, a descoberta e prepara\u00e7\u00e3o da cor exata que pode [&hellip;]<\/p>\n","protected":false},"author":1,"featured_media":0,"parent":0,"menu_order":0,"comment_status":"closed","ping_status":"open","template":"","meta":{"footnotes":""},"class_list":["post-187","page","type-page","status-publish","hentry"],"_links":{"self":[{"href":"https:\/\/www.autopintura.com.br\/site\/wp-json\/wp\/v2\/pages\/187","targetHints":{"allow":["GET"]}}],"collection":[{"href":"https:\/\/www.autopintura.com.br\/site\/wp-json\/wp\/v2\/pages"}],"about":[{"href":"https:\/\/www.autopintura.com.br\/site\/wp-json\/wp\/v2\/types\/page"}],"author":[{"embeddable":true,"href":"https:\/\/www.autopintura.com.br\/site\/wp-json\/wp\/v2\/users\/1"}],"replies":[{"embeddable":true,"href":"https:\/\/www.autopintura.com.br\/site\/wp-json\/wp\/v2\/comments?post=187"}],"version-history":[{"count":5,"href":"https:\/\/www.autopintura.com.br\/site\/wp-json\/wp\/v2\/pages\/187\/revisions"}],"predecessor-version":[{"id":285,"href":"https:\/\/www.autopintura.com.br\/site\/wp-json\/wp\/v2\/pages\/187\/revisions\/285"}],"wp:attachment":[{"href":"https:\/\/www.autopintura.com.br\/site\/wp-json\/wp\/v2\/media?parent=187"}],"curies":[{"name":"wp","href":"https:\/\/api.w.org\/{rel}","templated":true}]}}